{"id":27,"date":"2024-03-19T17:28:29","date_gmt":"2024-03-19T16:28:29","guid":{"rendered":"https:\/\/corothalassa.com\/?page_id=27"},"modified":"2024-07-02T12:17:10","modified_gmt":"2024-07-02T10:17:10","slug":"inicio","status":"publish","type":"page","link":"https:\/\/corothalassa.com\/","title":{"rendered":"Inicio"},"content":{"rendered":"<p>[et_pb_section fb_built=\u00bb1&#8243; fullwidth=\u00bbon\u00bb theme_builder_area=\u00bbpost_content\u00bb _builder_version=\u00bb4.24.2&#8243; _module_preset=\u00bbdefault\u00bb title_text=\u00bbthalassa inicio\u00bb background_image=\u00bbhttps:\/\/corothalassa.com\/wp-content\/uploads\/2024\/07\/thalassa-inicio.jpg\u00bb hover_enabled=\u00bb0&#8243; sticky_enabled=\u00bb0&#8243;][et_pb_fullwidth_image src=\u00bbhttps:\/\/corothalassa.com\/wp-content\/uploads\/2024\/07\/thalassa-inicio.jpg\u00bb _builder_version=\u00bb4.24.2&#8243; _module_preset=\u00bbdefault\u00bb theme_builder_area=\u00bbpost_content\u00bb title_text=\u00bbthalassa inicio\u00bb background_image=\u00bbhttps:\/\/corothalassa.com\/wp-content\/uploads\/2024\/07\/thalassa-inicio.jpg\u00bb hover_enabled=\u00bb0&#8243; sticky_enabled=\u00bb0&#8243;][\/et_pb_fullwidth_image][\/et_pb_section][et_pb_section fb_built=\u00bb1&#8243; admin_label=\u00bbAbout\u00bb _builder_version=\u00bb4.20.0&#8243; _module_preset=\u00bbdefault\u00bb background_color=\u00bbgcid-c22116c1-81a4-4cbf-84dc-c3f928405165&#8243; collapsed=\u00bbon\u00bb global_colors_info=\u00bb{%22gcid-c22116c1-81a4-4cbf-84dc-c3f928405165%22:%91%22background_color%22%93}\u00bb][et_pb_row _builder_version=\u00bb4.20.0&#8243; _module_preset=\u00bbdefault\u00bb max_width=\u00bb800px\u00bb module_alignment=\u00bbcenter\u00bb global_colors_info=\u00bb{}\u00bb][et_pb_column type=\u00bb4_4&#8243; _builder_version=\u00bb4.20.0&#8243; _module_preset=\u00bbdefault\u00bb global_colors_info=\u00bb{}\u00bb][et_pb_text _builder_version=\u00bb4.20.0&#8243; _module_preset=\u00bb4016856d-7512-447f-b2ce-4c46b82d7539&#8243; text_font_size=\u00bb20px\u00bb text_orientation=\u00bbcenter\u00bb global_colors_info=\u00bb{}\u00bb]<\/p>\n<div align=\"justify\">\n<div class=\"flex-1 overflow-hidden\">\n<div class=\"react-scroll-to-bottom--css-dqpdc-79elbk h-full\">\n<div class=\"react-scroll-to-bottom--css-dqpdc-1n7m0yu\">\n<div class=\"flex flex-col text-sm pb-9\">\n<div class=\"w-full text-token-text-primary\" data-testid=\"conversation-turn-19\">\n<div class=\"px-4 py-2 justify-center text-base md:gap-6 m-auto\">\n<div class=\"flex flex-1 text-base mx-auto gap-3 md:px-5 lg:px-1 xl:px-5 md:max-w-3xl lg:max-w-[40rem] xl:max-w-[48rem] group final-completion\">\n<div class=\"relative flex w-full flex-col agent-turn\">\n<div class=\"flex-col gap-1 md:gap-3\">\n<div class=\"flex flex-grow flex-col max-w-full\">\n<div data-message-author-role=\"assistant\" data-message-id=\"ef07360d-0dc3-4b6a-a4fb-a324b8430329\" class=\"min-h-[20px] text-message flex flex-col items-start gap-3 whitespace-pre-wrap break-words [.text-message+&amp;]:mt-5 overflow-x-auto\">\n<div class=\"markdown prose w-full break-words dark:prose-invert light\">\n<p>Bienvenidos a nuestra p\u00e1gina!!<\/p>\n<p>Somos el Coro de C\u00e1mara Thalassa y desde el a\u00f1o 1994&#8230;<\/p>\n<p>Nuestro fin es disfrutar y hacer disfrutar de la m\u00fasica coral tanto sacra como profana.<\/p>\n<p>Nuestro director, Gonzalo Mart\u00edn Lorenzo, pone todos sus conocimientos en sacar lo mejor de nosotros, musicalmente hablando consiguiendo que cada actuaci\u00f3n sea una celebraci\u00f3n de nuestra pasi\u00f3n por la m\u00fasica coral.<\/p>\n<p>Os invitamos a explorar nuestro sitio web y descubrir la belleza y diversidad de nuestras interpretaciones.<\/p>\n<p>&nbsp;<\/p>\n<\/div>\n<\/div>\n<\/div>\n<\/div>\n<\/div>\n<\/div>\n<\/div>\n<\/div>\n<\/div>\n<\/div>\n<\/div>\n<\/div>\n<div class=\"w-full pt-2 md:pt-0 dark:border-white\/20 md:border-transparent md:dark:border-transparent md:w-[calc(100%-.5rem)]\">\n<form class=\"stretch mx-2 flex flex-row gap-3 last:mb-2 md:mx-4 md:last:mb-6 lg:mx-auto lg:max-w-2xl xl:max-w-3xl\">\n<div class=\"relative flex h-full flex-1 flex-col\">\n<div class=\"absolute bottom-full left-0 right-0\"><\/div>\n<div class=\"flex w-full items-center\"><\/div>\n<\/div>\n<\/form>\n<\/div>\n<\/div>\n<p>[\/et_pb_text][\/et_pb_column][\/et_pb_row][\/et_pb_section][et_pb_section fb_built=\u00bb1&#8243; admin_label=\u00bbEvents\u00bb _builder_version=\u00bb4.20.0&#8243; _module_preset=\u00bbdefault\u00bb background_color=\u00bbgcid-c22116c1-81a4-4cbf-84dc-c3f928405165&#8243; saved_tabs=\u00bball\u00bb collapsed=\u00bbon\u00bb global_colors_info=\u00bb{%22gcid-c22116c1-81a4-4cbf-84dc-c3f928405165%22:%91%22background_color%22%93}\u00bb][et_pb_row _builder_version=\u00bb4.20.0&#8243; _module_preset=\u00bbdefault\u00bb max_width=\u00bb700px\u00bb global_colors_info=\u00bb{}\u00bb][et_pb_column type=\u00bb4_4&#8243; _builder_version=\u00bb4.20.0&#8243; _module_preset=\u00bbdefault\u00bb global_colors_info=\u00bb{}\u00bb][et_pb_text _builder_version=\u00bb4.20.0&#8243; _module_preset=\u00bb06786571-198f-41f4-a635-44c3a459a20f\u00bb text_orientation=\u00bbcenter\u00bb global_colors_info=\u00bb{}\u00bb]<\/p>\n<h2>Direcci\u00f3n \/ el coro<\/h2>\n<p>[\/et_pb_text][\/et_pb_column][\/et_pb_row][et_pb_row column_structure=\u00bb1_3,1_3,1_3&#8243; _builder_version=\u00bb4.20.0&#8243; _module_preset=\u00bbdefault\u00bb global_colors_info=\u00bb{}\u00bb][et_pb_column type=\u00bb1_3&#8243; _builder_version=\u00bb4.20.0&#8243; _module_preset=\u00bbdefault\u00bb global_colors_info=\u00bb{}\u00bb][et_pb_image src=\u00bbhttps:\/\/corothalassa.com\/wp-content\/uploads\/2024\/05\/director.jpeg\u00bb title_text=\u00bbdirector\u00bb _builder_version=\u00bb4.24.2&#8243; _module_preset=\u00bbdefault\u00bb border_radii=\u00bboff|260px|260px|10px|10px\u00bb global_colors_info=\u00bb{}\u00bb][\/et_pb_image][et_pb_text _builder_version=\u00bb4.24.2&#8243; _module_preset=\u00bb3c70966f-e7a7-4fe3-b235-7147a022e064&#8243; custom_margin=\u00bb||10px||false|false\u00bb global_colors_info=\u00bb{}\u00bb]<\/p>\n<h4>Nuestro Director<\/h4>\n<p>[\/et_pb_text][et_pb_text _builder_version=\u00bb4.20.0&#8243; _module_preset=\u00bb4016856d-7512-447f-b2ce-4c46b82d7539&#8243; global_colors_info=\u00bb{}\u00bb]<\/p>\n<p>Gonzalo Mart\u00edn, nuestro director, a<span>mante de la m\u00fasica cl\u00e1sica y especialmente de la m\u00fasica coral, desde ni\u00f1o empieza sus estudios de piano y &#8230;<\/span><\/p>\n<p>[\/et_pb_text][\/et_pb_column][et_pb_column type=\u00bb1_3&#8243; _builder_version=\u00bb4.20.0&#8243; _module_preset=\u00bbdefault\u00bb global_colors_info=\u00bb{}\u00bb][et_pb_image src=\u00bbhttps:\/\/corothalassa.com\/wp-content\/uploads\/2024\/07\/coro.jpg\u00bb title_text=\u00bbcoro\u00bb _builder_version=\u00bb4.24.2&#8243; _module_preset=\u00bbdefault\u00bb hover_enabled=\u00bb0&#8243; border_radii=\u00bboff|260px|260px|10px|10px\u00bb global_colors_info=\u00bb{}\u00bb sticky_enabled=\u00bb0&#8243;][\/et_pb_image][et_pb_text _builder_version=\u00bb4.20.0&#8243; _module_preset=\u00bb3c70966f-e7a7-4fe3-b235-7147a022e064&#8243; custom_margin=\u00bb||10px||false|false\u00bb global_colors_info=\u00bb{}\u00bb]<\/p>\n<h4>Integrantes del Coro<\/h4>\n<p>[\/et_pb_text][et_pb_text _builder_version=\u00bb4.24.2&#8243; _module_preset=\u00bb4016856d-7512-447f-b2ce-4c46b82d7539&#8243; global_colors_info=\u00bb{}\u00bb]<\/p>\n<p><span>Constituido por 16 a 20 voces selectas, el Coro de C\u00e1mara Thalassa se destaca por la notable experiencia coral y profundos conocimientos musicales de sus miembros.<\/span><\/p>\n<p><span>Esta agrupaci\u00f3n vocal, elegida cuidadosamente, sobresale no solo por su habilidad t\u00e9cnica sino tambi\u00e9n por su pasi\u00f3n y dedicaci\u00f3n a la m\u00fasica.\u00a0<\/span><\/p>\n<p>[\/et_pb_text][\/et_pb_column][et_pb_column type=\u00bb1_3&#8243; _builder_version=\u00bb4.20.0&#8243; _module_preset=\u00bbdefault\u00bb global_colors_info=\u00bb{}\u00bb][et_pb_image src=\u00bbhttps:\/\/corothalassa.com\/wp-content\/uploads\/2024\/06\/partitura-e1719515458127.jpg\u00bb title_text=\u00bbpartitura\u00bb _builder_version=\u00bb4.24.2&#8243; _module_preset=\u00bbdefault\u00bb border_radii=\u00bboff|260px|260px|10px|10px\u00bb global_colors_info=\u00bb{}\u00bb][\/et_pb_image][et_pb_text _builder_version=\u00bb4.20.0&#8243; _module_preset=\u00bb3c70966f-e7a7-4fe3-b235-7147a022e064&#8243; custom_margin=\u00bb||10px||false|false\u00bb global_colors_info=\u00bb{}\u00bb]<\/p>\n<h4>Repertorio<\/h4>\n<p>[\/et_pb_text][et_pb_text _builder_version=\u00bb4.20.0&#8243; _module_preset=\u00bb4016856d-7512-447f-b2ce-4c46b82d7539&#8243; global_colors_info=\u00bb{}\u00bb]<\/p>\n<p><span>El Coro Thalassa ofrece un emocionante repertorio que abarca m\u00fasica religiosa, profana y villancicos, reflejando nuestra pasi\u00f3n por la diversidad vocal. <\/span><\/p>\n<p><span>Desde obras cl\u00e1sicas sacras hasta canciones que celebran la vida y la temporada festiva, nuestro repertorio invita a una experiencia musical enriquecedora y emocional.\u00a0<\/span><\/p>\n<p>[\/et_pb_text][\/et_pb_column][\/et_pb_row][\/et_pb_section][et_pb_section fb_built=\u00bb1&#8243; _builder_version=\u00bb4.24.2&#8243; _module_preset=\u00bbdefault\u00bb global_colors_info=\u00bb{}\u00bb][et_pb_row _builder_version=\u00bb4.24.2&#8243; _module_preset=\u00bbdefault\u00bb global_colors_info=\u00bb{}\u00bb][et_pb_column type=\u00bb4_4&#8243; _builder_version=\u00bb4.24.2&#8243; _module_preset=\u00bbdefault\u00bb global_colors_info=\u00bb{}\u00bb][et_pb_heading title=\u00bbAgenda \/ Noticias\u00bb _builder_version=\u00bb4.24.2&#8243; _module_preset=\u00bbdefault\u00bb global_colors_info=\u00bb{}\u00bb][\/et_pb_heading][\/et_pb_column][\/et_pb_row][et_pb_row _builder_version=\u00bb4.24.2&#8243; _module_preset=\u00bbdefault\u00bb global_colors_info=\u00bb{}\u00bb][et_pb_column type=\u00bb4_4&#8243; _builder_version=\u00bb4.24.2&#8243; _module_preset=\u00bbdefault\u00bb global_colors_info=\u00bb{}\u00bb][et_pb_blog fullwidth=\u00bboff\u00bb include_categories=\u00bball\u00bb meta_date=\u00bbj M, Y\u00bb _builder_version=\u00bb4.24.2&#8243; _module_preset=\u00bbdefault\u00bb global_colors_info=\u00bb{}\u00bb][\/et_pb_blog][\/et_pb_column][\/et_pb_row][\/et_pb_section][et_pb_section fb_built=\u00bb1&#8243; _builder_version=\u00bb4.24.2&#8243; _module_preset=\u00bbdefault\u00bb background_color=\u00bb#D6D6D6&#8243; global_colors_info=\u00bb{}\u00bb][et_pb_row _builder_version=\u00bb4.24.2&#8243; _module_preset=\u00bbdefault\u00bb global_colors_info=\u00bb{}\u00bb][et_pb_column type=\u00bb4_4&#8243; _builder_version=\u00bb4.24.2&#8243; _module_preset=\u00bbdefault\u00bb global_colors_info=\u00bb{}\u00bb][et_pb_heading title=\u00bbCoro Thalassa, una Asociaci\u00f3n sin fines lucrativos\u00bb _builder_version=\u00bb4.24.2&#8243; _module_preset=\u00bbdefault\u00bb global_colors_info=\u00bb{}\u00bb][\/et_pb_heading][et_pb_text _builder_version=\u00bb4.24.2&#8243; _module_preset=\u00bbdefault\u00bb global_colors_info=\u00bb{}\u00bb]<\/p>\n<div align=\"justify\"><span class=\"ws9\" style=\"font-family: Microsoft Sans Serif;\">El coro de c\u00e1mara thalassa de Mar\u00edn est\u00e1 declarado y registrado\u00a0 como una sociedad cultural sin \u00e1nimo de lucro. Sus miembros, dedican\u00a0 muchas horas semanales al montaje de las obras para cumplir con sus compromisos musicales. Es resaltable, el hecho que el esfuerzo de un coro de c\u00e1mara es mayor en cuanto al n\u00famero reducido del grupo, que exige siempre la presencia en las actuaciones de la pr\u00e1ctica totalidad de sus componentes.<\/span><\/div>\n<div align=\"justify\"><span class=\"ws9\" style=\"font-family: Microsoft Sans Serif;\"><\/span><\/div>\n<div align=\"justify\"><span class=\"ws9\" style=\"font-family: Microsoft Sans Serif;\">El coro, acude a todos aquellos eventos en los que es reclamado; conciertos, festivales, celebraci\u00f3n de bodas , congresos, ciclos corales, cert\u00e1menes, homenajes, etc. pero siempre, y como marcan sus estatutos,\u00a0 sin inter\u00e9s lucrativo, percibiendo \u00fanicamente un moderado cach\u00e9 que permita cubrir aquellos costes derivados del desplazamiento, publicidad o gastos de representaci\u00f3n que l\u00f3gicamente generan los actos.<\/span><\/div>\n<div align=\"justify\"><span class=\"ws9\" style=\"font-family: Microsoft Sans Serif;\">Si desea\u00a0 nuestra presencia en cualquier evento\u00a0 o la consulta previa de un presupuesto, dir\u00edjase sin compromiso alguno a las direcciones de contacto.<\/span><\/div>\n<p>[\/et_pb_text][\/et_pb_column][\/et_pb_row][\/et_pb_section][et_pb_section fb_built=\u00bb1&#8243; _builder_version=\u00bb4.24.2&#8243; _module_preset=\u00bbdefault\u00bb global_colors_info=\u00bb{}\u00bb][et_pb_row _builder_version=\u00bb4.24.2&#8243; _module_preset=\u00bbdefault\u00bb global_colors_info=\u00bb{}\u00bb][et_pb_column type=\u00bb4_4&#8243; _builder_version=\u00bb4.24.2&#8243; _module_preset=\u00bbdefault\u00bb global_colors_info=\u00bb{}\u00bb][et_pb_heading title=\u00bbEnlaces de inter\u00e9s:\u00bb _builder_version=\u00bb4.24.2&#8243; _module_preset=\u00bbdefault\u00bb global_colors_info=\u00bb{}\u00bb][\/et_pb_heading][\/et_pb_column][\/et_pb_row][et_pb_row column_structure=\u00bb1_3,1_3,1_3&#8243; _builder_version=\u00bb4.24.2&#8243; _module_preset=\u00bbdefault\u00bb global_colors_info=\u00bb{}\u00bb][et_pb_column type=\u00bb1_3&#8243; _builder_version=\u00bb4.24.2&#8243; _module_preset=\u00bbdefault\u00bb global_colors_info=\u00bb{}\u00bb][et_pb_blurb title=\u00bbBodas.net\u00bb url=\u00bbhttps:\/\/www.bodas.net\/musica\/coro-de-camara-thalassa&#8211;e53822&#8243; url_new_window=\u00bbon\u00bb image=\u00bbhttps:\/\/corothalassa.com\/wp-content\/uploads\/2024\/06\/bodasnet.png\u00bb _builder_version=\u00bb4.24.2&#8243; _module_preset=\u00bbdefault\u00bb link_option_url=\u00bbhttps:\/\/www.bodas.net\/musica\/coro-de-camara-thalassa&#8211;e53822&#8243; link_option_url_new_window=\u00bbon\u00bb global_colors_info=\u00bb{}\u00bb][\/et_pb_blurb][\/et_pb_column][et_pb_column type=\u00bb1_3&#8243; _builder_version=\u00bb4.24.2&#8243; _module_preset=\u00bbdefault\u00bb global_colors_info=\u00bb{}\u00bb][et_pb_blurb title=\u00bbCulturea &#8211; Diputaci\u00f3n Pontevedra\u00bb url=\u00bbhttps:\/\/www.depo.gal\/es\/culturea-catalogo-de-grupos\u00bb url_new_window=\u00bbon\u00bb image=\u00bbhttps:\/\/corothalassa.com\/wp-content\/uploads\/2024\/06\/culturea-900&#215;600-1.jpg\u00bb _builder_version=\u00bb4.24.2&#8243; _module_preset=\u00bbdefault\u00bb link_option_url=\u00bbhttps:\/\/www.depo.gal\/es\/culturea-catalogo-de-grupos\u00bb link_option_url_new_window=\u00bbon\u00bb global_colors_info=\u00bb{}\u00bb][\/et_pb_blurb][\/et_pb_column][et_pb_column type=\u00bb1_3&#8243; _builder_version=\u00bb4.24.2&#8243; _module_preset=\u00bbdefault\u00bb global_colors_info=\u00bb{}\u00bb][et_pb_blurb title=\u00bbConcello de Mar\u00edn\u00bb url=\u00bbhttps:\/\/www.concellodemarin.es\/\u00bb url_new_window=\u00bbon\u00bb image=\u00bbhttps:\/\/corothalassa.com\/wp-content\/uploads\/2024\/06\/marin.jpg\u00bb _builder_version=\u00bb4.24.2&#8243; _module_preset=\u00bbdefault\u00bb link_option_url=\u00bbhttps:\/\/www.concellodemarin.es\/\u00bb link_option_url_new_window=\u00bbon\u00bb global_colors_info=\u00bb{}\u00bb][\/et_pb_blurb][\/et_pb_column][\/et_pb_row][\/et_pb_section]<\/p>\n","protected":false},"excerpt":{"rendered":"<p>Bienvenidos a nuestra p\u00e1gina!! Somos el Coro de C\u00e1mara Thalassa y desde el a\u00f1o 1994&#8230; Nuestro fin es disfrutar y hacer disfrutar de la m\u00fasica coral tanto sacra como profana. Nuestro director, Gonzalo Mart\u00edn Lorenzo, pone todos sus conocimientos en sacar lo mejor de nosotros, musicalmente hablando consiguiendo que cada actuaci\u00f3n sea una celebraci\u00f3n de [&hellip;]<\/p>\n","protected":false},"author":1,"featured_media":0,"parent":0,"menu_order":0,"comment_status":"closed","ping_status":"closed","template":"","meta":{"_et_pb_use_builder":"on","_et_pb_old_content":"","_et_gb_content_width":"","footnotes":""},"class_list":["post-27","page","type-page","status-publish","hentry"],"yoast_head":"<!-- This site is optimized with the Yoast SEO plugin v25.9 - https:\/\/yoast.com\/wordpress\/plugins\/seo\/ -->\n<title>Inicio - Coro Thalassa<\/title>\n<meta name=\"robots\" content=\"index, follow, max-snippet:-1, max-image-preview:large, max-video-preview:-1\" \/>\n<link rel=\"canonical\" href=\"https:\/\/corothalassa.com\/\" \/>\n<meta property=\"og:locale\" content=\"es_ES\" \/>\n<meta property=\"og:type\" content=\"article\" \/>\n<meta property=\"og:title\" content=\"Inicio - Coro Thalassa\" \/>\n<meta property=\"og:description\" content=\"Bienvenidos a nuestra p\u00e1gina!! Somos el Coro de C\u00e1mara Thalassa y desde el a\u00f1o 1994... Nuestro fin es disfrutar y hacer disfrutar de la m\u00fasica coral tanto sacra como profana. Nuestro director, Gonzalo Mart\u00edn Lorenzo, pone todos sus conocimientos en sacar lo mejor de nosotros, musicalmente hablando consiguiendo que cada actuaci\u00f3n sea una celebraci\u00f3n de [&hellip;]\" \/>\n<meta property=\"og:url\" content=\"https:\/\/corothalassa.com\/\" \/>\n<meta property=\"og:site_name\" content=\"Coro Thalassa\" \/>\n<meta property=\"article:modified_time\" content=\"2024-07-02T10:17:10+00:00\" \/>\n<meta name=\"twitter:card\" content=\"summary_large_image\" \/>\n<script type=\"application\/ld+json\" class=\"yoast-schema-graph\">{\"@context\":\"https:\/\/schema.org\",\"@graph\":[{\"@type\":\"WebPage\",\"@id\":\"https:\/\/corothalassa.com\/\",\"url\":\"https:\/\/corothalassa.com\/\",\"name\":\"Inicio - Coro Thalassa\",\"isPartOf\":{\"@id\":\"https:\/\/corothalassa.com\/#website\"},\"datePublished\":\"2024-03-19T16:28:29+00:00\",\"dateModified\":\"2024-07-02T10:17:10+00:00\",\"breadcrumb\":{\"@id\":\"https:\/\/corothalassa.com\/#breadcrumb\"},\"inLanguage\":\"es\",\"potentialAction\":[{\"@type\":\"ReadAction\",\"target\":[\"https:\/\/corothalassa.com\/\"]}]},{\"@type\":\"BreadcrumbList\",\"@id\":\"https:\/\/corothalassa.com\/#breadcrumb\",\"itemListElement\":[{\"@type\":\"ListItem\",\"position\":1,\"name\":\"Home\",\"item\":\"https:\/\/corothalassa.com\/\"},{\"@type\":\"ListItem\",\"position\":2,\"name\":\"Inicio\"}]},{\"@type\":\"WebSite\",\"@id\":\"https:\/\/corothalassa.com\/#website\",\"url\":\"https:\/\/corothalassa.com\/\",\"name\":\"Coro Thalassa\",\"description\":\"Thalassa Coro de C\u00e1mara\",\"potentialAction\":[{\"@type\":\"SearchAction\",\"target\":{\"@type\":\"EntryPoint\",\"urlTemplate\":\"https:\/\/corothalassa.com\/?s={search_term_string}\"},\"query-input\":{\"@type\":\"PropertyValueSpecification\",\"valueRequired\":true,\"valueName\":\"search_term_string\"}}],\"inLanguage\":\"es\"}]}<\/script>\n<!-- \/ Yoast SEO plugin. -->","yoast_head_json":{"title":"Inicio - Coro Thalassa","robots":{"index":"index","follow":"follow","max-snippet":"max-snippet:-1","max-image-preview":"max-image-preview:large","max-video-preview":"max-video-preview:-1"},"canonical":"https:\/\/corothalassa.com\/","og_locale":"es_ES","og_type":"article","og_title":"Inicio - Coro Thalassa","og_description":"Bienvenidos a nuestra p\u00e1gina!! Somos el Coro de C\u00e1mara Thalassa y desde el a\u00f1o 1994... Nuestro fin es disfrutar y hacer disfrutar de la m\u00fasica coral tanto sacra como profana. Nuestro director, Gonzalo Mart\u00edn Lorenzo, pone todos sus conocimientos en sacar lo mejor de nosotros, musicalmente hablando consiguiendo que cada actuaci\u00f3n sea una celebraci\u00f3n de [&hellip;]","og_url":"https:\/\/corothalassa.com\/","og_site_name":"Coro Thalassa","article_modified_time":"2024-07-02T10:17:10+00:00","twitter_card":"summary_large_image","schema":{"@context":"https:\/\/schema.org","@graph":[{"@type":"WebPage","@id":"https:\/\/corothalassa.com\/","url":"https:\/\/corothalassa.com\/","name":"Inicio - Coro Thalassa","isPartOf":{"@id":"https:\/\/corothalassa.com\/#website"},"datePublished":"2024-03-19T16:28:29+00:00","dateModified":"2024-07-02T10:17:10+00:00","breadcrumb":{"@id":"https:\/\/corothalassa.com\/#breadcrumb"},"inLanguage":"es","potentialAction":[{"@type":"ReadAction","target":["https:\/\/corothalassa.com\/"]}]},{"@type":"BreadcrumbList","@id":"https:\/\/corothalassa.com\/#breadcrumb","itemListElement":[{"@type":"ListItem","position":1,"name":"Home","item":"https:\/\/corothalassa.com\/"},{"@type":"ListItem","position":2,"name":"Inicio"}]},{"@type":"WebSite","@id":"https:\/\/corothalassa.com\/#website","url":"https:\/\/corothalassa.com\/","name":"Coro Thalassa","description":"Thalassa Coro de C\u00e1mara","potentialAction":[{"@type":"SearchAction","target":{"@type":"EntryPoint","urlTemplate":"https:\/\/corothalassa.com\/?s={search_term_string}"},"query-input":{"@type":"PropertyValueSpecification","valueRequired":true,"valueName":"search_term_string"}}],"inLanguage":"es"}]}},"_links":{"self":[{"href":"https:\/\/corothalassa.com\/index.php\/wp-json\/wp\/v2\/pages\/27","targetHints":{"allow":["GET"]}}],"collection":[{"href":"https:\/\/corothalassa.com\/index.php\/wp-json\/wp\/v2\/pages"}],"about":[{"href":"https:\/\/corothalassa.com\/index.php\/wp-json\/wp\/v2\/types\/page"}],"author":[{"embeddable":true,"href":"https:\/\/corothalassa.com\/index.php\/wp-json\/wp\/v2\/users\/1"}],"replies":[{"embeddable":true,"href":"https:\/\/corothalassa.com\/index.php\/wp-json\/wp\/v2\/comments?post=27"}],"version-history":[{"count":14,"href":"https:\/\/corothalassa.com\/index.php\/wp-json\/wp\/v2\/pages\/27\/revisions"}],"predecessor-version":[{"id":1487,"href":"https:\/\/corothalassa.com\/index.php\/wp-json\/wp\/v2\/pages\/27\/revisions\/1487"}],"wp:attachment":[{"href":"https:\/\/corothalassa.com\/index.php\/wp-json\/wp\/v2\/media?parent=27"}],"curies":[{"name":"wp","href":"https:\/\/api.w.org\/{rel}","templated":true}]}}